{"id":21,"date":"2024-07-29T10:09:48","date_gmt":"2024-07-29T13:09:48","guid":{"rendered":"https:\/\/desenvolvimento.l9propaganda.com.br\/polocasaarte\/?page_id=21"},"modified":"2024-07-31T16:13:22","modified_gmt":"2024-07-31T19:13:22","slug":"revista","status":"publish","type":"page","link":"https:\/\/desenvolvimento.l9propaganda.com.br\/polocasaarte\/revista\/","title":{"rendered":"Revista"},"content":{"rendered":"\t\t<div data-elementor-type=\"wp-page\" data-elementor-id=\"21\" class=\"elementor elementor-21\" data-elementor-post-type=\"page\">\n\t\t\t\t<div class=\"elementor-element elementor-element-3978620 e-flex e-con-boxed e-con e-parent\" data-id=\"3978620\" data-element_type=\"container\" data-settings=\"{&quot;background_background&quot;:&quot;classic&quot;}\">\n\t\t\t\t\t<div class=\"e-con-inner\">\n\t\t<div class=\"elementor-element elementor-element-f980704 e-con-full e-flex e-con e-child\" data-id=\"f980704\" data-element_type=\"container\" data-settings=\"{&quot;background_background&quot;:&quot;classic&quot;}\">\n\t\t\t\t<div class=\"elementor-element elementor-element-c1a6388 elementor-widget elementor-widget-heading\" data-id=\"c1a6388\" data-element_type=\"widget\" data-widget_type=\"heading.default\">\n\t\t\t\t<div class=\"elementor-widget-container\">\n\t\t\t<h1 class=\"elementor-heading-title elementor-size-default\">Revista<\/h1>\t\t<\/div>\n\t\t\t\t<\/div>\n\t\t\t\t<\/div>\n\t\t\t\t\t<\/div>\n\t\t\t\t<\/div>\n\t\t<div class=\"elementor-element elementor-element-2427f62 e-flex e-con-boxed e-con e-parent\" data-id=\"2427f62\" data-element_type=\"container\">\n\t\t\t\t\t<div class=\"e-con-inner\">\n\t\t<div class=\"elementor-element elementor-element-0f8eab4 e-con-full e-flex e-con e-child\" data-id=\"0f8eab4\" data-element_type=\"container\">\n\t\t\t\t<div class=\"elementor-element elementor-element-4d45d91 elementor-widget elementor-widget-heading\" data-id=\"4d45d91\" data-element_type=\"widget\" data-widget_type=\"heading.default\">\n\t\t\t\t<div class=\"elementor-widget-container\">\n\t\t\t<h2 class=\"elementor-heading-title elementor-size-default\">Edi\u00e7\u00e3o 2024<\/h2>\t\t<\/div>\n\t\t\t\t<\/div>\n\t\t\t\t<\/div>\n\t\t<div class=\"elementor-element elementor-element-49ec0a3 e-con-full e-flex e-con e-child\" data-id=\"49ec0a3\" data-element_type=\"container\">\n\t\t\t\t<div class=\"elementor-element elementor-element-47a243c elementor-widget__width-initial elementor-widget-mobile__width-inherit elementor-widget elementor-widget-image\" data-id=\"47a243c\" data-element_type=\"widget\" data-widget_type=\"image.default\">\n\t\t\t\t<div class=\"elementor-widget-container\">\n\t\t\t\t\t\t\t\t\t\t<figure class=\"wp-caption\">\n\t\t\t\t\t\t\t\t\t\t\t<a href=\"https:\/\/drive.google.com\/file\/d\/1wjn7flY4Prw6oJvngO4w8aabBCtIRok3\/view?usp=sharing\">\n\t\t\t\t\t\t\t<img fetchpriority=\"high\" decoding=\"async\" width=\"315\" height=\"440\" src=\"https:\/\/desenvolvimento.l9propaganda.com.br\/polocasaarte\/wp-content\/uploads\/2024\/07\/inverno2024.jpg\" class=\"attachment-medium_large size-medium_large wp-image-273\" alt=\"\" srcset=\"https:\/\/desenvolvimento.l9propaganda.com.br\/polocasaarte\/wp-content\/uploads\/2024\/07\/inverno2024.jpg 315w, https:\/\/desenvolvimento.l9propaganda.com.br\/polocasaarte\/wp-content\/uploads\/2024\/07\/inverno2024-215x300.jpg 215w\" sizes=\"(max-width: 315px) 100vw, 315px\" \/>\t\t\t\t\t\t\t\t<\/a>\n\t\t\t\t\t\t\t\t\t\t\t<figcaption class=\"widget-image-caption wp-caption-text\">Clique na imagem para baixar o PDF<\/figcaption>\n\t\t\t\t\t\t\t\t\t\t<\/figure>\n\t\t\t\t\t\t\t<\/div>\n\t\t\t\t<\/div>\n\t\t\t\t<div class=\"elementor-element elementor-element-cc070dd elementor-widget__width-initial elementor-widget-mobile__width-inherit elementor-widget elementor-widget-image\" data-id=\"cc070dd\" data-element_type=\"widget\" data-widget_type=\"image.default\">\n\t\t\t\t<div class=\"elementor-widget-container\">\n\t\t\t\t\t\t\t\t\t\t<figure class=\"wp-caption\">\n\t\t\t\t\t\t\t\t\t\t\t<a href=\"https:\/\/drive.google.com\/file\/d\/1IlfcQ3yxCXWdfP_Wif_u6VYBD8S5Y7Hp\/view?usp=drive_link\">\n\t\t\t\t\t\t\t<img decoding=\"async\" width=\"315\" height=\"440\" src=\"https:\/\/desenvolvimento.l9propaganda.com.br\/polocasaarte\/wp-content\/uploads\/2024\/07\/outono2024.png\" class=\"attachment-medium_large size-medium_large wp-image-272\" alt=\"\" srcset=\"https:\/\/desenvolvimento.l9propaganda.com.br\/polocasaarte\/wp-content\/uploads\/2024\/07\/outono2024.png 315w, https:\/\/desenvolvimento.l9propaganda.com.br\/polocasaarte\/wp-content\/uploads\/2024\/07\/outono2024-215x300.png 215w\" sizes=\"(max-width: 315px) 100vw, 315px\" \/>\t\t\t\t\t\t\t\t<\/a>\n\t\t\t\t\t\t\t\t\t\t\t<figcaption class=\"widget-image-caption wp-caption-text\">Clique na imagem para baixar o PDF<\/figcaption>\n\t\t\t\t\t\t\t\t\t\t<\/figure>\n\t\t\t\t\t\t\t<\/div>\n\t\t\t\t<\/div>\n\t\t\t\t<div class=\"elementor-element elementor-element-f81fc3c elementor-widget__width-initial elementor-widget-mobile__width-inherit elementor-widget elementor-widget-image\" data-id=\"f81fc3c\" data-element_type=\"widget\" data-widget_type=\"image.default\">\n\t\t\t\t<div class=\"elementor-widget-container\">\n\t\t\t\t\t\t\t\t\t\t<figure class=\"wp-caption\">\n\t\t\t\t\t\t\t\t\t\t\t<a href=\"https:\/\/drive.google.com\/file\/d\/1Woi3cXUm3_NdqymGrC57sZK6ebvlAqDn\/view?usp=drive_link\">\n\t\t\t\t\t\t\t<img decoding=\"async\" width=\"315\" height=\"440\" src=\"https:\/\/desenvolvimento.l9propaganda.com.br\/polocasaarte\/wp-content\/uploads\/2024\/07\/verao2024.png\" class=\"attachment-medium_large size-medium_large wp-image-271\" alt=\"\" srcset=\"https:\/\/desenvolvimento.l9propaganda.com.br\/polocasaarte\/wp-content\/uploads\/2024\/07\/verao2024.png 315w, https:\/\/desenvolvimento.l9propaganda.com.br\/polocasaarte\/wp-content\/uploads\/2024\/07\/verao2024-215x300.png 215w\" sizes=\"(max-width: 315px) 100vw, 315px\" \/>\t\t\t\t\t\t\t\t<\/a>\n\t\t\t\t\t\t\t\t\t\t\t<figcaption class=\"widget-image-caption wp-caption-text\">Clique na imagem para baixar o PDF<\/figcaption>\n\t\t\t\t\t\t\t\t\t\t<\/figure>\n\t\t\t\t\t\t\t<\/div>\n\t\t\t\t<\/div>\n\t\t\t\t<\/div>\n\t\t<div class=\"elementor-element elementor-element-928eef6 e-con-full e-flex e-con e-child\" data-id=\"928eef6\" data-element_type=\"container\">\n\t\t\t\t<div class=\"elementor-element elementor-element-744ac8e elementor-widget elementor-widget-heading\" data-id=\"744ac8e\" data-element_type=\"widget\" data-widget_type=\"heading.default\">\n\t\t\t\t<div class=\"elementor-widget-container\">\n\t\t\t<h2 class=\"elementor-heading-title elementor-size-default\">Edi\u00e7\u00e3o 2023<\/h2>\t\t<\/div>\n\t\t\t\t<\/div>\n\t\t\t\t<\/div>\n\t\t<div class=\"elementor-element elementor-element-1be1022 e-con-full e-flex e-con e-child\" data-id=\"1be1022\" data-element_type=\"container\">\n\t\t\t\t<div class=\"elementor-element elementor-element-06b5889 elementor-widget__width-initial elementor-widget-mobile__width-inherit elementor-widget elementor-widget-image\" data-id=\"06b5889\" data-element_type=\"widget\" data-widget_type=\"image.default\">\n\t\t\t\t<div class=\"elementor-widget-container\">\n\t\t\t\t\t\t\t\t\t\t<figure class=\"wp-caption\">\n\t\t\t\t\t\t\t\t\t\t\t<a href=\"https:\/\/drive.google.com\/file\/d\/1mZlRj-KUN5_qCcdimqIl8GAwopXIPlYw\/view?usp=sharing\">\n\t\t\t\t\t\t\t<img loading=\"lazy\" decoding=\"async\" width=\"315\" height=\"440\" src=\"https:\/\/desenvolvimento.l9propaganda.com.br\/polocasaarte\/wp-content\/uploads\/2024\/07\/primavera2023.jpg\" class=\"attachment-medium_large size-medium_large wp-image-270\" alt=\"\" srcset=\"https:\/\/desenvolvimento.l9propaganda.com.br\/polocasaarte\/wp-content\/uploads\/2024\/07\/primavera2023.jpg 315w, https:\/\/desenvolvimento.l9propaganda.com.br\/polocasaarte\/wp-content\/uploads\/2024\/07\/primavera2023-215x300.jpg 215w\" sizes=\"(max-width: 315px) 100vw, 315px\" \/>\t\t\t\t\t\t\t\t<\/a>\n\t\t\t\t\t\t\t\t\t\t\t<figcaption class=\"widget-image-caption wp-caption-text\">Clique na imagem para baixar o PDF<\/figcaption>\n\t\t\t\t\t\t\t\t\t\t<\/figure>\n\t\t\t\t\t\t\t<\/div>\n\t\t\t\t<\/div>\n\t\t\t\t<div class=\"elementor-element elementor-element-80ca87c elementor-widget__width-initial elementor-widget-mobile__width-inherit elementor-widget elementor-widget-image\" data-id=\"80ca87c\" data-element_type=\"widget\" data-widget_type=\"image.default\">\n\t\t\t\t<div class=\"elementor-widget-container\">\n\t\t\t\t\t\t\t\t\t\t<figure class=\"wp-caption\">\n\t\t\t\t\t\t\t\t\t\t\t<a href=\"https:\/\/drive.google.com\/file\/d\/1mWgE5EUBBCjGFT0Ukhsw1suYCeAKaw_d\/view?usp=sharing\">\n\t\t\t\t\t\t\t<img loading=\"lazy\" decoding=\"async\" width=\"315\" height=\"440\" src=\"https:\/\/desenvolvimento.l9propaganda.com.br\/polocasaarte\/wp-content\/uploads\/2024\/07\/inverno2023.jpg\" class=\"attachment-medium_large size-medium_large wp-image-269\" alt=\"\" srcset=\"https:\/\/desenvolvimento.l9propaganda.com.br\/polocasaarte\/wp-content\/uploads\/2024\/07\/inverno2023.jpg 315w, https:\/\/desenvolvimento.l9propaganda.com.br\/polocasaarte\/wp-content\/uploads\/2024\/07\/inverno2023-215x300.jpg 215w\" sizes=\"(max-width: 315px) 100vw, 315px\" \/>\t\t\t\t\t\t\t\t<\/a>\n\t\t\t\t\t\t\t\t\t\t\t<figcaption class=\"widget-image-caption wp-caption-text\">Clique na imagem para baixar o PDF<\/figcaption>\n\t\t\t\t\t\t\t\t\t\t<\/figure>\n\t\t\t\t\t\t\t<\/div>\n\t\t\t\t<\/div>\n\t\t\t\t<\/div>\n\t\t\t\t\t<\/div>\n\t\t\t\t<\/div>\n\t\t\t\t<\/div>\n\t\t","protected":false},"excerpt":{"rendered":"<p>Revista Edi\u00e7\u00e3o 2024 Clique na imagem para baixar o PDF Clique na imagem para baixar o PDF Clique na imagem para baixar o PDF Edi\u00e7\u00e3o 2023 Clique na imagem para baixar o PDF Clique na imagem para baixar o PDF<\/p>\n","protected":false},"author":1,"featured_media":0,"parent":0,"menu_order":0,"comment_status":"closed","ping_status":"closed","template":"","meta":{"footnotes":""},"class_list":["post-21","page","type-page","status-publish","hentry"],"_links":{"self":[{"href":"https:\/\/desenvolvimento.l9propaganda.com.br\/polocasaarte\/wp-json\/wp\/v2\/pages\/21","targetHints":{"allow":["GET"]}}],"collection":[{"href":"https:\/\/desenvolvimento.l9propaganda.com.br\/polocasaarte\/wp-json\/wp\/v2\/pages"}],"about":[{"href":"https:\/\/desenvolvimento.l9propaganda.com.br\/polocasaarte\/wp-json\/wp\/v2\/types\/page"}],"author":[{"embeddable":true,"href":"https:\/\/desenvolvimento.l9propaganda.com.br\/polocasaarte\/wp-json\/wp\/v2\/users\/1"}],"replies":[{"embeddable":true,"href":"https:\/\/desenvolvimento.l9propaganda.com.br\/polocasaarte\/wp-json\/wp\/v2\/comments?post=21"}],"version-history":[{"count":0,"href":"https:\/\/desenvolvimento.l9propaganda.com.br\/polocasaarte\/wp-json\/wp\/v2\/pages\/21\/revisions"}],"wp:attachment":[{"href":"https:\/\/desenvolvimento.l9propaganda.com.br\/polocasaarte\/wp-json\/wp\/v2\/media?parent=21"}],"curies":[{"name":"wp","href":"https:\/\/api.w.org\/{rel}","templated":true}]}}